{"id":10694,"date":"2025-01-10T14:16:43","date_gmt":"2025-01-10T13:16:43","guid":{"rendered":"https:\/\/p684195.mittwaldserver.info\/?page_id=10694"},"modified":"2025-08-07T16:31:05","modified_gmt":"2025-08-07T14:31:05","slug":"mentions-legales","status":"publish","type":"page","link":"https:\/\/www.eurohotel-grafenhausen.de\/fr\/mentions-legales\/","title":{"rendered":"Mentions l\u00e9gales"},"content":{"rendered":"<section class=\"l-section wpb_row us_custom_10e8b906 test height_auto width_custom color_primary with_img\" style=\"--site-content-width:1400px;\"><div class=\"l-section-img\" role=\"img\" aria-label=\"Image\" data-img-width=\"2560\" data-img-height=\"1416\" style=\"background-image: url(https:\/\/www.eurohotel-grafenhausen.de\/wp-content\/uploads\/2025\/02\/Euro-Hotel-10-2-scaled.jpg);\"><\/div><div class=\"l-section-overlay\" style=\"background:var(--color-transparents-schwarz)\"><\/div><div class=\"l-section-h i-cf\"><div class=\"g-cols vc_row via_flex valign_middle type_default stacking_default\"><div class=\"vc_col-sm-12 wpb_column vc_column_container\"><div class=\"vc_column-inner\"><div class=\"wpb_wrapper\"><div class=\"w-separator size_custom\" style=\"height:12vh\"><\/div><div class=\"g-cols wpb_row via_flex valign_middle type_default stacking_default\"><div class=\"vc_col-sm-12 wpb_column vc_column_container\"><div class=\"vc_column-inner us_custom_eb849559\"><div class=\"wpb_wrapper\"><\/div><\/div><\/div><\/div><\/div><\/div><\/div><\/div><\/div><\/section><section class=\"l-section wpb_row impressum height_large\"><div class=\"l-section-h i-cf\"><div class=\"g-cols vc_row via_flex valign_top type_default stacking_default\"><div class=\"vc_col-sm-12 wpb_column vc_column_container\"><div class=\"vc_column-inner\"><div class=\"wpb_wrapper\"><div class=\"g-cols wpb_row via_flex valign_top type_default stacking_default\"><div class=\"vc_col-sm-8 wpb_column vc_column_container\"><div class=\"vc_column-inner\"><div class=\"wpb_wrapper\"><div class=\"w-html us_custom_2d9ebfef\"><div style=\"width:100%;\" class=\"vc_col-sm-8 wpb_column vc_column_container\"><div class=\"vc_column-inner\"><div class=\"wpb_wrapper\"><div class=\"wpb_text_column\"><div class=\"wpb_wrapper\"><div style=\"word-wrap: break-word;\"><h1>Mentions l\u00e9gales<\/h1>\n\n<p>MTS Hotelbetriebs GmbH<br>\nRue principale 200<br>\n77966 Kappel-Grafenhausen<\/p>\n\n<p><strong>Repr\u00e9sent\u00e9e par:<\/strong><br>\nMaik-Thorsten Schneider<\/p>\n\n<h2>Contact<\/h2>\n<p>T\u00e9l\u00e9phone: 07822\/8638-0br>\nT\u00e9l\u00e9copie: 07822\/8638-38<br>\nCourrier \u00e9lectronique : info@eurohotel-grafenhausen.de<\/p>\n\n<h2>Num\u00e9ro d'identification de la taxe sur le chiffre d'affaires<\/h2>\n<p>Num\u00e9ro d'identification de la taxe sur le chiffre d'affaires conform\u00e9ment au \u00a7 27 a de la loi sur la taxe sur le chiffre d'affaires : DE 301 25 6243<\/p>\n\n<h2>R\u00e8glement des litiges de consommation\/&#8203;organisme de conciliation universel<\/h2>\n<p>Nous ne sommes pas dispos\u00e9s ou oblig\u00e9s de participer \u00e0 des proc\u00e9dures de r\u00e8glement des litiges devant un organisme de consommateurs.\nparticiper \u00e0 un organisme de conciliation des consommateurs.<\/p><\/div>\n<\/div><\/div><\/div><\/div><\/div><\/div><\/div><\/div><\/div><div class=\"vc_col-sm-4 wpb_column vc_column_container\"><div class=\"vc_column-inner\"><div class=\"wpb_wrapper\"><h3 class=\"w-text us_custom_9d7b8c1a\"><span class=\"w-text-h\"><span class=\"w-text-value\">Conception, design &amp; r\u00e9alisation<\/span><\/span><\/h3><div class=\"wpb_text_column\"><div class=\"wpb_wrapper\"><p><img loading=\"lazy\" decoding=\"async\" class=\"wp-image-1714 alignnone\" src=\"https:\/\/karriere.muellergmbh.info\/wp-content\/uploads\/2024\/12\/logo-barthmedienhaus.svg\" alt=\"\" width=\"524\" height=\"105\" \/><\/p>\n<p>Barth Medienhaus GmbH<br \/>\nWolfsmatten 1<br \/>\n77955 Ettenheim<br \/>\n<a href=\"http:\/\/www.medien-haus.de\/\" target=\"_blank\" rel=\"noopener noreferrer\">www.medien-haus.de<\/a><\/p>\n<p>Les droits de toutes les images utilis\u00e9es sur ce site web appartiennent, sauf indication contraire, \u00e0 l&rsquo;exploitant du site web.<\/p>\n<\/div><\/div><div class=\"w-separator size_small\"><\/div><\/div><\/div><\/div><\/div><\/div><\/div><\/div><\/div><\/div><\/section>\n","protected":false},"excerpt":{"rendered":"Mentions l\u00e9gales MTS Hotelbetriebs GmbH Rue principale 200 77966 Kappel-Grafenhausen Repr\u00e9sent\u00e9e par: Maik-Thorsten Schneider Contact T\u00e9l\u00e9phone: 07822\/8638-0br> T\u00e9l\u00e9copie: 07822\/8638-38 Courrier \u00e9lectronique : info@eurohotel-grafenhausen.de Num\u00e9ro d'identification de la taxe sur le chiffre d'affaires Num\u00e9ro d'identification de la taxe sur le chiffre d'affaires conform\u00e9ment au \u00a7 27 a de la loi sur la taxe sur le chiffre...","protected":false},"author":1,"featured_media":10876,"parent":0,"menu_order":0,"comment_status":"closed","ping_status":"closed","template":"","meta":{"_acf_changed":false,"footnotes":""},"class_list":["post-10694","page","type-page","status-publish","has-post-thumbnail","hentry"],"acf":[],"yoast_head":"<!-- This site is optimized with the Yoast SEO plugin v27.4 - https:\/\/yoast.com\/product\/yoast-seo-wordpress\/ -->\n<title>Mentions l\u00e9gales &#8211; Euro-Hotel<\/title>\n<meta name=\"description\" content=\"Alles f\u00fcr einen erholsamen Aufenthalt. Unsere Zimmer bieten Ihnen modernen Komfort und eine angenehme Atmosph\u00e4re\" \/>\n<meta name=\"robots\" content=\"index, follow, max-snippet:-1, max-image-preview:large, max-video-preview:-1\" \/>\n<link rel=\"canonical\" href=\"https:\/\/www.eurohotel-grafenhausen.de\/fr\/mentions-legales\/\" \/>\n<meta property=\"og:locale\" content=\"fr_FR\" \/>\n<meta property=\"og:type\" content=\"article\" \/>\n<meta property=\"og:title\" content=\"Mentions l\u00e9gales &#8211; Euro-Hotel\" \/>\n<meta property=\"og:description\" content=\"Alles f\u00fcr einen erholsamen Aufenthalt. Unsere Zimmer bieten Ihnen modernen Komfort und eine angenehme Atmosph\u00e4re\" \/>\n<meta property=\"og:url\" content=\"https:\/\/www.eurohotel-grafenhausen.de\/fr\/mentions-legales\/\" \/>\n<meta property=\"og:site_name\" content=\"Euro-Hotel\" \/>\n<meta property=\"article:modified_time\" content=\"2025-08-07T14:31:05+00:00\" \/>\n<meta property=\"og:image\" content=\"https:\/\/www.eurohotel-grafenhausen.de\/wp-content\/uploads\/2025\/02\/Euro-Hotel-10-2-scaled.jpg\" \/>\n\t<meta property=\"og:image:width\" content=\"2560\" \/>\n\t<meta property=\"og:image:height\" content=\"1416\" \/>\n\t<meta property=\"og:image:type\" content=\"image\/jpeg\" \/>\n<meta name=\"twitter:card\" content=\"summary_large_image\" \/>\n<meta name=\"twitter:label1\" content=\"Dur\u00e9e de lecture estim\u00e9e\" \/>\n\t<meta name=\"twitter:data1\" content=\"1 minute\" \/>\n<script type=\"application\/ld+json\" class=\"yoast-schema-graph\">{\"@context\":\"https:\\\/\\\/schema.org\",\"@graph\":[{\"@type\":\"WebPage\",\"@id\":\"https:\\\/\\\/www.eurohotel-grafenhausen.de\\\/fr\\\/mentions-legales\\\/\",\"url\":\"https:\\\/\\\/www.eurohotel-grafenhausen.de\\\/fr\\\/mentions-legales\\\/\",\"name\":\"Mentions l\u00e9gales &#8211; Euro-Hotel\",\"isPartOf\":{\"@id\":\"https:\\\/\\\/www.eurohotel-grafenhausen.de\\\/fr\\\/#website\"},\"primaryImageOfPage\":{\"@id\":\"https:\\\/\\\/www.eurohotel-grafenhausen.de\\\/fr\\\/mentions-legales\\\/#primaryimage\"},\"image\":{\"@id\":\"https:\\\/\\\/www.eurohotel-grafenhausen.de\\\/fr\\\/mentions-legales\\\/#primaryimage\"},\"thumbnailUrl\":\"https:\\\/\\\/www.eurohotel-grafenhausen.de\\\/wp-content\\\/uploads\\\/2025\\\/02\\\/Euro-Hotel-10-2-scaled.jpg\",\"datePublished\":\"2025-01-10T13:16:43+00:00\",\"dateModified\":\"2025-08-07T14:31:05+00:00\",\"description\":\"Alles f\u00fcr einen erholsamen Aufenthalt. Unsere Zimmer bieten Ihnen modernen Komfort und eine angenehme Atmosph\u00e4re\",\"breadcrumb\":{\"@id\":\"https:\\\/\\\/www.eurohotel-grafenhausen.de\\\/fr\\\/mentions-legales\\\/#breadcrumb\"},\"inLanguage\":\"fr-FR\",\"potentialAction\":[{\"@type\":\"ReadAction\",\"target\":[\"https:\\\/\\\/www.eurohotel-grafenhausen.de\\\/fr\\\/mentions-legales\\\/\"]}]},{\"@type\":\"ImageObject\",\"inLanguage\":\"fr-FR\",\"@id\":\"https:\\\/\\\/www.eurohotel-grafenhausen.de\\\/fr\\\/mentions-legales\\\/#primaryimage\",\"url\":\"https:\\\/\\\/www.eurohotel-grafenhausen.de\\\/wp-content\\\/uploads\\\/2025\\\/02\\\/Euro-Hotel-10-2-scaled.jpg\",\"contentUrl\":\"https:\\\/\\\/www.eurohotel-grafenhausen.de\\\/wp-content\\\/uploads\\\/2025\\\/02\\\/Euro-Hotel-10-2-scaled.jpg\",\"width\":2560,\"height\":1416},{\"@type\":\"BreadcrumbList\",\"@id\":\"https:\\\/\\\/www.eurohotel-grafenhausen.de\\\/fr\\\/mentions-legales\\\/#breadcrumb\",\"itemListElement\":[{\"@type\":\"ListItem\",\"position\":1,\"name\":\"Startseite\",\"item\":\"https:\\\/\\\/www.eurohotel-grafenhausen.de\\\/fr\\\/\"},{\"@type\":\"ListItem\",\"position\":2,\"name\":\"Mentions l\u00e9gales\"}]},{\"@type\":\"WebSite\",\"@id\":\"https:\\\/\\\/www.eurohotel-grafenhausen.de\\\/fr\\\/#website\",\"url\":\"https:\\\/\\\/www.eurohotel-grafenhausen.de\\\/fr\\\/\",\"name\":\"Euro-Hotel\",\"description\":\"Entspannen, entdecken, genie\u00dfen\",\"alternateName\":\"Euro-Hotel Kappel-Grafenhausen\",\"potentialAction\":[{\"@type\":\"SearchAction\",\"target\":{\"@type\":\"EntryPoint\",\"urlTemplate\":\"https:\\\/\\\/www.eurohotel-grafenhausen.de\\\/fr\\\/?s={search_term_string}\"},\"query-input\":{\"@type\":\"PropertyValueSpecification\",\"valueRequired\":true,\"valueName\":\"search_term_string\"}}],\"inLanguage\":\"fr-FR\"}]}<\/script>\n<!-- \/ Yoast SEO plugin. -->","yoast_head_json":{"title":"Mentions l\u00e9gales &#8211; Euro-Hotel","description":"Alles f\u00fcr einen erholsamen Aufenthalt. Unsere Zimmer bieten Ihnen modernen Komfort und eine angenehme Atmosph\u00e4re","robots":{"index":"index","follow":"follow","max-snippet":"max-snippet:-1","max-image-preview":"max-image-preview:large","max-video-preview":"max-video-preview:-1"},"canonical":"https:\/\/www.eurohotel-grafenhausen.de\/fr\/mentions-legales\/","og_locale":"fr_FR","og_type":"article","og_title":"Mentions l\u00e9gales &#8211; Euro-Hotel","og_description":"Alles f\u00fcr einen erholsamen Aufenthalt. Unsere Zimmer bieten Ihnen modernen Komfort und eine angenehme Atmosph\u00e4re","og_url":"https:\/\/www.eurohotel-grafenhausen.de\/fr\/mentions-legales\/","og_site_name":"Euro-Hotel","article_modified_time":"2025-08-07T14:31:05+00:00","og_image":[{"width":2560,"height":1416,"url":"https:\/\/www.eurohotel-grafenhausen.de\/wp-content\/uploads\/2025\/02\/Euro-Hotel-10-2-scaled.jpg","type":"image\/jpeg"}],"twitter_card":"summary_large_image","twitter_misc":{"Dur\u00e9e de lecture estim\u00e9e":"1 minute"},"schema":{"@context":"https:\/\/schema.org","@graph":[{"@type":"WebPage","@id":"https:\/\/www.eurohotel-grafenhausen.de\/fr\/mentions-legales\/","url":"https:\/\/www.eurohotel-grafenhausen.de\/fr\/mentions-legales\/","name":"Mentions l\u00e9gales &#8211; Euro-Hotel","isPartOf":{"@id":"https:\/\/www.eurohotel-grafenhausen.de\/fr\/#website"},"primaryImageOfPage":{"@id":"https:\/\/www.eurohotel-grafenhausen.de\/fr\/mentions-legales\/#primaryimage"},"image":{"@id":"https:\/\/www.eurohotel-grafenhausen.de\/fr\/mentions-legales\/#primaryimage"},"thumbnailUrl":"https:\/\/www.eurohotel-grafenhausen.de\/wp-content\/uploads\/2025\/02\/Euro-Hotel-10-2-scaled.jpg","datePublished":"2025-01-10T13:16:43+00:00","dateModified":"2025-08-07T14:31:05+00:00","description":"Alles f\u00fcr einen erholsamen Aufenthalt. Unsere Zimmer bieten Ihnen modernen Komfort und eine angenehme Atmosph\u00e4re","breadcrumb":{"@id":"https:\/\/www.eurohotel-grafenhausen.de\/fr\/mentions-legales\/#breadcrumb"},"inLanguage":"fr-FR","potentialAction":[{"@type":"ReadAction","target":["https:\/\/www.eurohotel-grafenhausen.de\/fr\/mentions-legales\/"]}]},{"@type":"ImageObject","inLanguage":"fr-FR","@id":"https:\/\/www.eurohotel-grafenhausen.de\/fr\/mentions-legales\/#primaryimage","url":"https:\/\/www.eurohotel-grafenhausen.de\/wp-content\/uploads\/2025\/02\/Euro-Hotel-10-2-scaled.jpg","contentUrl":"https:\/\/www.eurohotel-grafenhausen.de\/wp-content\/uploads\/2025\/02\/Euro-Hotel-10-2-scaled.jpg","width":2560,"height":1416},{"@type":"BreadcrumbList","@id":"https:\/\/www.eurohotel-grafenhausen.de\/fr\/mentions-legales\/#breadcrumb","itemListElement":[{"@type":"ListItem","position":1,"name":"Startseite","item":"https:\/\/www.eurohotel-grafenhausen.de\/fr\/"},{"@type":"ListItem","position":2,"name":"Mentions l\u00e9gales"}]},{"@type":"WebSite","@id":"https:\/\/www.eurohotel-grafenhausen.de\/fr\/#website","url":"https:\/\/www.eurohotel-grafenhausen.de\/fr\/","name":"Euro-Hotel","description":"Entspannen, entdecken, genie\u00dfen","alternateName":"Euro-Hotel Kappel-Grafenhausen","potentialAction":[{"@type":"SearchAction","target":{"@type":"EntryPoint","urlTemplate":"https:\/\/www.eurohotel-grafenhausen.de\/fr\/?s={search_term_string}"},"query-input":{"@type":"PropertyValueSpecification","valueRequired":true,"valueName":"search_term_string"}}],"inLanguage":"fr-FR"}]}},"_links":{"self":[{"href":"https:\/\/www.eurohotel-grafenhausen.de\/fr\/wp-json\/wp\/v2\/pages\/10694","targetHints":{"allow":["GET"]}}],"collection":[{"href":"https:\/\/www.eurohotel-grafenhausen.de\/fr\/wp-json\/wp\/v2\/pages"}],"about":[{"href":"https:\/\/www.eurohotel-grafenhausen.de\/fr\/wp-json\/wp\/v2\/types\/page"}],"author":[{"embeddable":true,"href":"https:\/\/www.eurohotel-grafenhausen.de\/fr\/wp-json\/wp\/v2\/users\/1"}],"replies":[{"embeddable":true,"href":"https:\/\/www.eurohotel-grafenhausen.de\/fr\/wp-json\/wp\/v2\/comments?post=10694"}],"version-history":[{"count":10,"href":"https:\/\/www.eurohotel-grafenhausen.de\/fr\/wp-json\/wp\/v2\/pages\/10694\/revisions"}],"predecessor-version":[{"id":11087,"href":"https:\/\/www.eurohotel-grafenhausen.de\/fr\/wp-json\/wp\/v2\/pages\/10694\/revisions\/11087"}],"wp:featuredmedia":[{"embeddable":true,"href":"https:\/\/www.eurohotel-grafenhausen.de\/fr\/wp-json\/wp\/v2\/media\/10876"}],"wp:attachment":[{"href":"https:\/\/www.eurohotel-grafenhausen.de\/fr\/wp-json\/wp\/v2\/media?parent=10694"}],"curies":[{"name":"wp","href":"https:\/\/api.w.org\/{rel}","templated":true}]}}