{"id":10626,"date":"2025-01-10T08:08:25","date_gmt":"2025-01-10T07:08:25","guid":{"rendered":"https:\/\/p684195.mittwaldserver.info\/?page_id=10626"},"modified":"2025-02-20T11:43:12","modified_gmt":"2025-02-20T10:43:12","slug":"hotel","status":"publish","type":"page","link":"https:\/\/www.eurohotel-grafenhausen.de\/fr\/hotel\/","title":{"rendered":"H\u00f4tel"},"content":{"rendered":"<section class=\"l-section wpb_row us_custom_10e8b906 test height_auto width_custom color_primary with_img\" style=\"--site-content-width:1400px;\"><div class=\"l-section-img\" role=\"img\" aria-label=\"Image\" data-img-width=\"2560\" data-img-height=\"1707\" style=\"background-image: url(https:\/\/www.eurohotel-grafenhausen.de\/wp-content\/uploads\/2025\/02\/Euro-Hotel-93-scaled.jpg);\"><\/div><div class=\"l-section-overlay\" style=\"background:var(--color-transparents-schwarz)\"><\/div><div class=\"l-section-h i-cf\"><div class=\"g-cols vc_row via_flex valign_middle type_default stacking_default\"><div class=\"vc_col-sm-12 wpb_column vc_column_container\"><div class=\"vc_column-inner\"><div class=\"wpb_wrapper\"><div class=\"w-separator size_custom\" style=\"height:12vh\"><\/div><div class=\"w-separator hide_on_default hide_on_laptops size_custom\" style=\"height:5vh\"><\/div><div class=\"g-cols wpb_row via_flex valign_middle type_default stacking_default\"><div class=\"vc_col-sm-12 wpb_column vc_column_container\"><div class=\"vc_column-inner us_custom_eb849559\"><div class=\"wpb_wrapper\"><h1 class=\"w-text us_custom_080fa555 has_text_color us_animate_this\"><span class=\"w-text-h\"><span class=\"w-text-value\">Votre lieu de retraite<br \/>\npour des moments inoubliables<\/span><\/span><\/h1><\/div><\/div><\/div><\/div><\/div><\/div><\/div><\/div><\/div><\/section><section class=\"l-section wpb_row height_medium\" id=\"first\"><div class=\"l-section-h i-cf\"><div class=\"g-cols vc_row via_flex valign_top type_default stacking_default\"><div class=\"vc_col-sm-12 wpb_column vc_column_container\"><div class=\"vc_column-inner us_custom_eb849559\"><div class=\"wpb_wrapper\"><div class=\"w-separator size_medium with_line width_50 thick_2 style_solid color_secondary align_center\"><div class=\"w-separator-h\"><\/div><\/div><div class=\"wpb_text_column us_custom_60e9caca us_animate_this\"><div class=\"wpb_wrapper\"><p style=\"text-align: center;\">Id\u00e9alement situ\u00e9 \u00e0 proximit\u00e9 de l&rsquo;Europa-Park Rust et de l&rsquo;A5, l&rsquo;Euro-H\u00f4tel de Kappel-Grafenhausen est le point de d\u00e9part id\u00e9al pour les voyageurs d&rsquo;affaires et les vacanciers. Notre h\u00f4tel allie confort moderne et hospitalit\u00e9 chaleureuse pour que vous vous sentiez \u00e0 l&rsquo;aise d\u00e8s le premier instant.<\/p>\n<p style=\"text-align: center;\">Profitez de nos chambres confortables, de notre copieux buffet de petit-d\u00e9jeuner et de l&rsquo;atmosph\u00e8re d\u00e9tendue de notre \u00e9tablissement. Gr\u00e2ce \u00e0 l&rsquo;acc\u00e8s facile, vous atteindrez non seulement Europa-Park, mais aussi la nature pittoresque de la For\u00eat-Noire et de la r\u00e9gion rh\u00e9nane en un rien de temps. Que ce soit pour un court s\u00e9jour ou un voyage d&rsquo;affaires, nous vous assurons un s\u00e9jour agr\u00e9able. Laissez-vous convaincre par notre service convivial !<\/p>\n<\/div><\/div><\/div><\/div><\/div><\/div><\/div><\/section><section class=\"l-section wpb_row us_custom_f49c937c geschaeftsreisen height_auto\" id=\"geschichte\"><div class=\"l-section-h i-cf\"><div class=\"g-cols vc_row via_flex valign_middle type_default stacking_default\"><div class=\"vc_col-sm-12 wpb_column vc_column_container img_full_cover has_bg_color stretched\"><div class=\"vc_column-inner us_custom_82c37198\"><div class=\"vc_column-overlay\" style=\"background:var(--color-transparents-schwarz)\"><\/div><div class=\"wpb_wrapper\"><div class=\"w-separator size_large\"><\/div><div class=\"g-cols wpb_row via_flex valign_top type_default stacking_default\"><div class=\"vc_col-sm-2 wpb_column vc_column_container\"><div class=\"vc_column-inner\"><div class=\"wpb_wrapper\"><\/div><\/div><\/div><div class=\"vc_col-sm-8 wpb_column vc_column_container has_bg_color\"><div class=\"vc_column-inner us_custom_6ac92aab\"><div class=\"wpb_wrapper\"><div class=\"w-separator size_medium\"><\/div><h2 class=\"w-text us_custom_8b01c5ee has_text_color us_animate_this\" id=\"geschichte\"><span class=\"w-text-h\"><span class=\"w-text-value\">Notre histoire<\/span><\/span><\/h2><div class=\"w-separator size_medium\"><\/div><div class=\"w-separator size_custom with_line width_50 thick_2 style_solid color_secondary align_center\" style=\"height:2rem\"><div class=\"w-separator-h\"><\/div><\/div><div class=\"w-hwrapper us_custom_2d9ebfef valign_top align_center\"><div class=\"wpb_text_column us_custom_257acf47 us_animate_this\"><div class=\"wpb_wrapper\"><p style=\"text-align: center;\">L&rsquo;<strong>Euro-Hotel Kappel-Grafenhausen<\/strong> a \u00e9t\u00e9 fond\u00e9 dans le but d&rsquo;offrir aux voyageurs un h\u00e9bergement confortable et abordable \u00e0 proximit\u00e9 imm\u00e9diate d&rsquo;Europa-Park. Au fil des ann\u00e9es, nous n&rsquo;avons cess\u00e9 de moderniser et d&rsquo;am\u00e9liorer notre \u00e9tablissement afin de r\u00e9pondre aux exigences de nos h\u00f4tes. Notre \u00e9quipe d\u00e9vou\u00e9e s&rsquo;engage avec passion \u00e0 vous faire passer un s\u00e9jour inoubliable.<\/p>\n<\/div><\/div><\/div><div class=\"w-separator size_medium\"><\/div><\/div><\/div><\/div><div class=\"vc_col-sm-2 wpb_column vc_column_container\"><div class=\"vc_column-inner\"><div class=\"wpb_wrapper\"><\/div><\/div><\/div><\/div><div class=\"w-separator size_large\"><\/div><\/div><\/div><\/div><\/div><\/div><\/section><section class=\"l-section wpb_row height_auto\"><div class=\"l-section-h i-cf\"><div class=\"g-cols vc_row via_flex valign_top type_default stacking_default\"><div class=\"vc_col-sm-12 wpb_column vc_column_container\"><div class=\"vc_column-inner\"><div class=\"wpb_wrapper\"><div class=\"w-separator size_large\"><\/div><\/div><\/div><\/div><\/div><\/div><\/section><section class=\"l-section wpb_row img_full_cover flex_direction height_auto\"><div class=\"l-section-h i-cf\"><div class=\"g-cols vc_row via_flex valign_middle type_default stacking_default\"><div class=\"vc_col-sm-12 vc_col-lg-5 vc_col-md-5 vc_col-xs-12 wpb_column vc_column_container fix_margin_img has_bg_color stretched\"><div class=\"vc_column-inner us_custom_f3db9074\"><div class=\"wpb_wrapper\"><\/div><\/div><\/div><div class=\"vc_col-sm-12 vc_col-lg-7 vc_col-md-7 vc_col-xs-12 wpb_column vc_column_container fix_margin_img hotel has_text_color has_bg_color\"><div class=\"vc_column-inner us_custom_d72401f8\"><div class=\"wpb_wrapper\"><div class=\"w-separator size_medium\"><\/div><h3 class=\"w-text us_custom_210a814b us_animate_this\"><span class=\"w-text-h\"><span class=\"w-text-value\">Particularit\u00e9s de notre h\u00f4tel<\/span><\/span><\/h3><div class=\"g-cols wpb_row via_flex valign_top type_default stacking_default\"><div class=\"vc_col-sm-8 wpb_column vc_column_container\"><div class=\"vc_column-inner\"><div class=\"wpb_wrapper\"><div class=\"w-separator size_small with_line width_default thick_2 style_solid color_border align_center\"><div class=\"w-separator-h\"><\/div><\/div><\/div><\/div><\/div><div class=\"vc_col-sm-4 wpb_column vc_column_container\"><div class=\"vc_column-inner\"><div class=\"wpb_wrapper\"><\/div><\/div><\/div><\/div><div class=\"w-hwrapper valign_middle align_left\"><div class=\"wpb_text_column us_custom_7e20fa79 us_animate_this\"><div class=\"wpb_wrapper\"><ul>\n<li style=\"text-align: left;\"><strong>Situation centrale<\/strong> pr\u00e8s de l&rsquo;Europa-Park Rust<\/li>\n<li style=\"text-align: left;\">Chambres \u00e0 l&rsquo;\u00e9quipement <strong>moderne<\/strong> avec WLAN gratuit<\/li>\n<li style=\"text-align: left;\">Riche <strong>buffet de petit-d\u00e9jeuner<\/strong> pour bien commencer la journ\u00e9e<\/li>\n<li style=\"text-align: left;\">Excellent <strong>acc\u00e8s<\/strong> \u00e0 l&rsquo;autoroute A5<\/li>\n<li style=\"text-align: left;\">Service <strong>amical<\/strong> et <strong>personnalis\u00e9<\/strong><\/li>\n<\/ul>\n<\/div><\/div><\/div><div class=\"w-separator size_medium\"><\/div><\/div><\/div><\/div><\/div><\/div><\/section><section class=\"l-section wpb_row img_full_cover height_auto\"><div class=\"l-section-h i-cf\"><div class=\"g-cols vc_row via_flex valign_middle type_default stacking_default\"><div class=\"vc_col-sm-12 vc_col-lg-7 vc_col-md-7 vc_col-xs-12 wpb_column vc_column_container hotel fix_margin_img has_text_color has_bg_color\"><div class=\"vc_column-inner us_custom_3dc81f9e\"><div class=\"wpb_wrapper\"><div class=\"w-separator size_medium\"><\/div><h3 class=\"w-text us_custom_210a814b us_animate_this\"><span class=\"w-text-h\"><span class=\"w-text-value\">Informations importantes pour nos h\u00f4tes<\/span><\/span><\/h3><div class=\"g-cols wpb_row via_flex valign_top type_default stacking_default\"><div class=\"vc_col-sm-8 wpb_column vc_column_container\"><div class=\"vc_column-inner\"><div class=\"wpb_wrapper\"><div class=\"w-separator size_small with_line width_default thick_2 style_solid color_border align_center\"><div class=\"w-separator-h\"><\/div><\/div><\/div><\/div><\/div><div class=\"vc_col-sm-4 wpb_column vc_column_container\"><div class=\"vc_column-inner\"><div class=\"wpb_wrapper\"><\/div><\/div><\/div><\/div><div class=\"w-hwrapper us_custom_7e20fa79 us_animate_this valign_middle align_left\"><div class=\"wpb_text_column\"><div class=\"wpb_wrapper\"><ul>\n<li style=\"text-align: left;\"><strong>Check-in<\/strong> : \u00e0 partir de 15:00 | Check-out : jusqu&rsquo;\u00e0 11:00<\/li>\n<li style=\"text-align: left;\"><strong>Petit d\u00e9jeuner<\/strong> : tous les jours de 07:00 \u00e0 10:00<\/li>\n<li style=\"text-align: left;\"><strong>WLAN gratuit<\/strong> dans toutes les zones de l&rsquo;h\u00f4tel<\/li>\n<li style=\"text-align: left;\"><strong>Situation id\u00e9ale<\/strong> pour des excursions d&rsquo;une journ\u00e9e \u00e0 Fribourg, Strasbourg ou dans la For\u00eat-Noire<\/li>\n<\/ul>\n<\/div><\/div><\/div><div class=\"w-separator size_medium\"><\/div><\/div><\/div><\/div><div class=\"vc_col-sm-12 vc_col-lg-5 vc_col-md-5 vc_col-xs-12 wpb_column vc_column_container fix_margin_img has_bg_color stretched\"><div class=\"vc_column-inner us_custom_5548483c\"><div class=\"wpb_wrapper\"><\/div><\/div><\/div><\/div><\/div><\/section><section class=\"l-section wpb_row img_full_cover flex_direction height_auto\" id=\"fruehstueck\"><div class=\"l-section-h i-cf\"><div class=\"g-cols vc_row via_flex valign_middle type_default stacking_default\"><div class=\"vc_col-sm-12 vc_col-lg-5 vc_col-md-5 vc_col-xs-12 wpb_column vc_column_container fix_margin_img has_bg_color stretched\"><div class=\"vc_column-inner us_custom_b986e61a\"><div class=\"wpb_wrapper\"><\/div><\/div><\/div><div class=\"vc_col-sm-12 vc_col-lg-7 vc_col-md-7 vc_col-xs-12 wpb_column vc_column_container hotel fix_margin_img has_text_color has_bg_color\"><div class=\"vc_column-inner us_custom_d72401f8\"><div class=\"wpb_wrapper\"><div class=\"w-separator size_medium\"><\/div><h3 class=\"w-text us_custom_210a814b us_animate_this\"><span class=\"w-text-h\"><span class=\"w-text-value\">Petit d\u00e9jeuner<\/span><\/span><\/h3><div class=\"g-cols wpb_row via_flex valign_top type_default stacking_default\"><div class=\"vc_col-sm-8 wpb_column vc_column_container\"><div class=\"vc_column-inner\"><div class=\"wpb_wrapper\"><div class=\"w-separator size_small with_line width_default thick_2 style_solid color_border align_center\"><div class=\"w-separator-h\"><\/div><\/div><\/div><\/div><\/div><div class=\"vc_col-sm-4 wpb_column vc_column_container\"><div class=\"vc_column-inner\"><div class=\"wpb_wrapper\"><\/div><\/div><\/div><\/div><div class=\"wpb_text_column us_custom_7e20fa79 us_animate_this\"><div class=\"wpb_wrapper\"><p>Commencez votre journ\u00e9e par un copieux petit d\u00e9jeuner buffet ! D\u00e9gustez du caf\u00e9 frais, du th\u00e9, des fruits et d&rsquo;autres gourmandises dans notre agr\u00e9able salle de petit-d\u00e9jeuner avec 40 places assises et 20 places \u00e0 l&rsquo;ext\u00e9rieur.<\/p>\n<p>Horaires du petit-d\u00e9jeuner : <strong>7:00 &#8211; 10:00 heures<\/strong><\/p>\n<\/div><\/div><div class=\"w-separator size_medium\"><\/div><\/div><\/div><\/div><\/div><\/div><\/section><section class=\"l-section wpb_row img_full_cover height_auto\" id=\"gastronomie\"><div class=\"l-section-h i-cf\"><div class=\"g-cols vc_row via_flex valign_middle type_default stacking_default\"><div class=\"vc_col-sm-12 vc_col-lg-7 vc_col-md-7 vc_col-xs-12 wpb_column vc_column_container hotel fix_margin_img has_text_color has_bg_color\"><div class=\"vc_column-inner us_custom_3dc81f9e\"><div class=\"wpb_wrapper\"><div class=\"w-separator size_medium\"><\/div><h3 class=\"w-text us_custom_210a814b us_animate_this\"><span class=\"w-text-h\"><span class=\"w-text-value\">Gastronomie<\/span><\/span><\/h3><div class=\"g-cols wpb_row via_flex valign_top type_default stacking_default\"><div class=\"vc_col-sm-8 wpb_column vc_column_container\"><div class=\"vc_column-inner\"><div class=\"wpb_wrapper\"><div class=\"w-separator size_small with_line width_default thick_2 style_solid color_border align_center\"><div class=\"w-separator-h\"><\/div><\/div><\/div><\/div><\/div><div class=\"vc_col-sm-4 wpb_column vc_column_container\"><div class=\"vc_column-inner\"><div class=\"wpb_wrapper\"><\/div><\/div><\/div><\/div><div class=\"w-hwrapper valign_middle align_left\"><div class=\"wpb_text_column us_custom_7e20fa79 us_animate_this\"><div class=\"wpb_wrapper\"><p>\u00c0 proximit\u00e9 imm\u00e9diate de l&rsquo;h\u00f4tel, vous trouverez des restaurants vari\u00e9s pour tous les go\u00fbts. Nous vous recommandons:<\/p>\n<ul style=\"text-align: left;\">\n<li><strong>Restaurant \u00ab Euro-Treff \u00bb dans le garage Shell<\/strong> &#8211; cuisine rapide.<\/li>\n<li><strong>Burger King<\/strong> &#8211; juste \u00e0 c\u00f4t\u00e9 de l&rsquo;h\u00f4tel<\/li>\n<li><strong>Gastronomie \u00e0 Ettenheim<\/strong> &#8211; choix vari\u00e9 (\u00e0 5 km)<\/li>\n<\/ul>\n<p>Laissez-vous g\u00e2ter par la cuisine badoise et alsacienne !<\/p>\n<\/div><\/div><\/div><div class=\"w-separator size_medium\"><\/div><div class=\"w-btn-wrapper align_none\"><a class=\"w-btn us-btn-style_7 us_custom_7e20fa79 us_animate_this\" href=\"https:\/\/grafenhausen.shell-autohof.de\"><span class=\"w-btn-label\">vers le garage Shell<\/span><\/a><\/div><div class=\"w-separator size_medium\"><\/div><\/div><\/div><\/div><div class=\"vc_col-sm-12 vc_col-lg-5 vc_col-md-5 vc_col-xs-12 wpb_column vc_column_container fix_margin_img has_bg_color stretched\"><div class=\"vc_column-inner us_custom_5e1bde07\"><div class=\"wpb_wrapper\"><\/div><\/div><\/div><\/div><\/div><\/section><section class=\"l-section wpb_row height_auto\"><div class=\"l-section-h i-cf\"><div class=\"g-cols vc_row via_flex valign_top type_default stacking_default\"><div class=\"vc_col-sm-12 wpb_column vc_column_container\"><div class=\"vc_column-inner\"><div class=\"wpb_wrapper\"><div class=\"w-separator size_large\"><\/div><\/div><\/div><\/div><\/div><\/div><\/section>\n","protected":false},"excerpt":{"rendered":"Votre lieu de retraite pour des moments inoubliablesId\u00e9alement situ\u00e9 \u00e0 proximit\u00e9 de l&rsquo;Europa-Park Rust et de l&rsquo;A5, l&rsquo;Euro-H\u00f4tel de Kappel-Grafenhausen est le point de d\u00e9part id\u00e9al pour les voyageurs d&rsquo;affaires et les vacanciers. Notre h\u00f4tel allie confort moderne et hospitalit\u00e9 chaleureuse pour que vous vous sentiez \u00e0 l&rsquo;aise d\u00e8s le premier instant. Profitez de nos...","protected":false},"author":1,"featured_media":10483,"parent":0,"menu_order":0,"comment_status":"closed","ping_status":"closed","template":"","meta":{"_acf_changed":false,"footnotes":""},"class_list":["post-10626","page","type-page","status-publish","has-post-thumbnail","hentry"],"acf":[],"yoast_head":"<!-- This site is optimized with the Yoast SEO plugin v27.4 - https:\/\/yoast.com\/product\/yoast-seo-wordpress\/ -->\n<title>H\u00f4tel &#8211; Euro-Hotel<\/title>\n<meta name=\"description\" content=\"Alles f\u00fcr einen erholsamen Aufenthalt. Unsere Zimmer bieten Ihnen modernen Komfort und eine angenehme Atmosph\u00e4re\" \/>\n<meta name=\"robots\" content=\"index, follow, max-snippet:-1, max-image-preview:large, max-video-preview:-1\" \/>\n<link rel=\"canonical\" href=\"https:\/\/www.eurohotel-grafenhausen.de\/fr\/hotel\/\" \/>\n<meta property=\"og:locale\" content=\"fr_FR\" \/>\n<meta property=\"og:type\" content=\"article\" \/>\n<meta property=\"og:title\" content=\"H\u00f4tel &#8211; Euro-Hotel\" \/>\n<meta property=\"og:description\" content=\"Alles f\u00fcr einen erholsamen Aufenthalt. Unsere Zimmer bieten Ihnen modernen Komfort und eine angenehme Atmosph\u00e4re\" \/>\n<meta property=\"og:url\" content=\"https:\/\/www.eurohotel-grafenhausen.de\/fr\/hotel\/\" \/>\n<meta property=\"og:site_name\" content=\"Euro-Hotel\" \/>\n<meta property=\"article:modified_time\" content=\"2025-02-20T10:43:12+00:00\" \/>\n<meta property=\"og:image\" content=\"https:\/\/www.eurohotel-grafenhausen.de\/wp-content\/uploads\/2025\/02\/Euro-Hotel-93-scaled.jpg\" \/>\n\t<meta property=\"og:image:width\" content=\"2560\" \/>\n\t<meta property=\"og:image:height\" content=\"1707\" \/>\n\t<meta property=\"og:image:type\" content=\"image\/jpeg\" \/>\n<meta name=\"twitter:card\" content=\"summary_large_image\" \/>\n<meta name=\"twitter:label1\" content=\"Dur\u00e9e de lecture estim\u00e9e\" \/>\n\t<meta name=\"twitter:data1\" content=\"4 minutes\" \/>\n<script type=\"application\/ld+json\" class=\"yoast-schema-graph\">{\"@context\":\"https:\\\/\\\/schema.org\",\"@graph\":[{\"@type\":\"WebPage\",\"@id\":\"https:\\\/\\\/www.eurohotel-grafenhausen.de\\\/fr\\\/hotel\\\/\",\"url\":\"https:\\\/\\\/www.eurohotel-grafenhausen.de\\\/fr\\\/hotel\\\/\",\"name\":\"H\u00f4tel &#8211; Euro-Hotel\",\"isPartOf\":{\"@id\":\"https:\\\/\\\/www.eurohotel-grafenhausen.de\\\/fr\\\/#website\"},\"primaryImageOfPage\":{\"@id\":\"https:\\\/\\\/www.eurohotel-grafenhausen.de\\\/fr\\\/hotel\\\/#primaryimage\"},\"image\":{\"@id\":\"https:\\\/\\\/www.eurohotel-grafenhausen.de\\\/fr\\\/hotel\\\/#primaryimage\"},\"thumbnailUrl\":\"https:\\\/\\\/www.eurohotel-grafenhausen.de\\\/wp-content\\\/uploads\\\/2025\\\/02\\\/Euro-Hotel-93-scaled.jpg\",\"datePublished\":\"2025-01-10T07:08:25+00:00\",\"dateModified\":\"2025-02-20T10:43:12+00:00\",\"description\":\"Alles f\u00fcr einen erholsamen Aufenthalt. Unsere Zimmer bieten Ihnen modernen Komfort und eine angenehme Atmosph\u00e4re\",\"breadcrumb\":{\"@id\":\"https:\\\/\\\/www.eurohotel-grafenhausen.de\\\/fr\\\/hotel\\\/#breadcrumb\"},\"inLanguage\":\"fr-FR\",\"potentialAction\":[{\"@type\":\"ReadAction\",\"target\":[\"https:\\\/\\\/www.eurohotel-grafenhausen.de\\\/fr\\\/hotel\\\/\"]}]},{\"@type\":\"ImageObject\",\"inLanguage\":\"fr-FR\",\"@id\":\"https:\\\/\\\/www.eurohotel-grafenhausen.de\\\/fr\\\/hotel\\\/#primaryimage\",\"url\":\"https:\\\/\\\/www.eurohotel-grafenhausen.de\\\/wp-content\\\/uploads\\\/2025\\\/02\\\/Euro-Hotel-93-scaled.jpg\",\"contentUrl\":\"https:\\\/\\\/www.eurohotel-grafenhausen.de\\\/wp-content\\\/uploads\\\/2025\\\/02\\\/Euro-Hotel-93-scaled.jpg\",\"width\":2560,\"height\":1707},{\"@type\":\"BreadcrumbList\",\"@id\":\"https:\\\/\\\/www.eurohotel-grafenhausen.de\\\/fr\\\/hotel\\\/#breadcrumb\",\"itemListElement\":[{\"@type\":\"ListItem\",\"position\":1,\"name\":\"Startseite\",\"item\":\"https:\\\/\\\/www.eurohotel-grafenhausen.de\\\/fr\\\/\"},{\"@type\":\"ListItem\",\"position\":2,\"name\":\"H\u00f4tel\"}]},{\"@type\":\"WebSite\",\"@id\":\"https:\\\/\\\/www.eurohotel-grafenhausen.de\\\/fr\\\/#website\",\"url\":\"https:\\\/\\\/www.eurohotel-grafenhausen.de\\\/fr\\\/\",\"name\":\"Euro-Hotel\",\"description\":\"Entspannen, entdecken, genie\u00dfen\",\"alternateName\":\"Euro-Hotel Kappel-Grafenhausen\",\"potentialAction\":[{\"@type\":\"SearchAction\",\"target\":{\"@type\":\"EntryPoint\",\"urlTemplate\":\"https:\\\/\\\/www.eurohotel-grafenhausen.de\\\/fr\\\/?s={search_term_string}\"},\"query-input\":{\"@type\":\"PropertyValueSpecification\",\"valueRequired\":true,\"valueName\":\"search_term_string\"}}],\"inLanguage\":\"fr-FR\"}]}<\/script>\n<!-- \/ Yoast SEO plugin. -->","yoast_head_json":{"title":"H\u00f4tel &#8211; Euro-Hotel","description":"Alles f\u00fcr einen erholsamen Aufenthalt. Unsere Zimmer bieten Ihnen modernen Komfort und eine angenehme Atmosph\u00e4re","robots":{"index":"index","follow":"follow","max-snippet":"max-snippet:-1","max-image-preview":"max-image-preview:large","max-video-preview":"max-video-preview:-1"},"canonical":"https:\/\/www.eurohotel-grafenhausen.de\/fr\/hotel\/","og_locale":"fr_FR","og_type":"article","og_title":"H\u00f4tel &#8211; Euro-Hotel","og_description":"Alles f\u00fcr einen erholsamen Aufenthalt. Unsere Zimmer bieten Ihnen modernen Komfort und eine angenehme Atmosph\u00e4re","og_url":"https:\/\/www.eurohotel-grafenhausen.de\/fr\/hotel\/","og_site_name":"Euro-Hotel","article_modified_time":"2025-02-20T10:43:12+00:00","og_image":[{"width":2560,"height":1707,"url":"https:\/\/www.eurohotel-grafenhausen.de\/wp-content\/uploads\/2025\/02\/Euro-Hotel-93-scaled.jpg","type":"image\/jpeg"}],"twitter_card":"summary_large_image","twitter_misc":{"Dur\u00e9e de lecture estim\u00e9e":"4 minutes"},"schema":{"@context":"https:\/\/schema.org","@graph":[{"@type":"WebPage","@id":"https:\/\/www.eurohotel-grafenhausen.de\/fr\/hotel\/","url":"https:\/\/www.eurohotel-grafenhausen.de\/fr\/hotel\/","name":"H\u00f4tel &#8211; Euro-Hotel","isPartOf":{"@id":"https:\/\/www.eurohotel-grafenhausen.de\/fr\/#website"},"primaryImageOfPage":{"@id":"https:\/\/www.eurohotel-grafenhausen.de\/fr\/hotel\/#primaryimage"},"image":{"@id":"https:\/\/www.eurohotel-grafenhausen.de\/fr\/hotel\/#primaryimage"},"thumbnailUrl":"https:\/\/www.eurohotel-grafenhausen.de\/wp-content\/uploads\/2025\/02\/Euro-Hotel-93-scaled.jpg","datePublished":"2025-01-10T07:08:25+00:00","dateModified":"2025-02-20T10:43:12+00:00","description":"Alles f\u00fcr einen erholsamen Aufenthalt. Unsere Zimmer bieten Ihnen modernen Komfort und eine angenehme Atmosph\u00e4re","breadcrumb":{"@id":"https:\/\/www.eurohotel-grafenhausen.de\/fr\/hotel\/#breadcrumb"},"inLanguage":"fr-FR","potentialAction":[{"@type":"ReadAction","target":["https:\/\/www.eurohotel-grafenhausen.de\/fr\/hotel\/"]}]},{"@type":"ImageObject","inLanguage":"fr-FR","@id":"https:\/\/www.eurohotel-grafenhausen.de\/fr\/hotel\/#primaryimage","url":"https:\/\/www.eurohotel-grafenhausen.de\/wp-content\/uploads\/2025\/02\/Euro-Hotel-93-scaled.jpg","contentUrl":"https:\/\/www.eurohotel-grafenhausen.de\/wp-content\/uploads\/2025\/02\/Euro-Hotel-93-scaled.jpg","width":2560,"height":1707},{"@type":"BreadcrumbList","@id":"https:\/\/www.eurohotel-grafenhausen.de\/fr\/hotel\/#breadcrumb","itemListElement":[{"@type":"ListItem","position":1,"name":"Startseite","item":"https:\/\/www.eurohotel-grafenhausen.de\/fr\/"},{"@type":"ListItem","position":2,"name":"H\u00f4tel"}]},{"@type":"WebSite","@id":"https:\/\/www.eurohotel-grafenhausen.de\/fr\/#website","url":"https:\/\/www.eurohotel-grafenhausen.de\/fr\/","name":"Euro-Hotel","description":"Entspannen, entdecken, genie\u00dfen","alternateName":"Euro-Hotel Kappel-Grafenhausen","potentialAction":[{"@type":"SearchAction","target":{"@type":"EntryPoint","urlTemplate":"https:\/\/www.eurohotel-grafenhausen.de\/fr\/?s={search_term_string}"},"query-input":{"@type":"PropertyValueSpecification","valueRequired":true,"valueName":"search_term_string"}}],"inLanguage":"fr-FR"}]}},"_links":{"self":[{"href":"https:\/\/www.eurohotel-grafenhausen.de\/fr\/wp-json\/wp\/v2\/pages\/10626","targetHints":{"allow":["GET"]}}],"collection":[{"href":"https:\/\/www.eurohotel-grafenhausen.de\/fr\/wp-json\/wp\/v2\/pages"}],"about":[{"href":"https:\/\/www.eurohotel-grafenhausen.de\/fr\/wp-json\/wp\/v2\/types\/page"}],"author":[{"embeddable":true,"href":"https:\/\/www.eurohotel-grafenhausen.de\/fr\/wp-json\/wp\/v2\/users\/1"}],"replies":[{"embeddable":true,"href":"https:\/\/www.eurohotel-grafenhausen.de\/fr\/wp-json\/wp\/v2\/comments?post=10626"}],"version-history":[{"count":10,"href":"https:\/\/www.eurohotel-grafenhausen.de\/fr\/wp-json\/wp\/v2\/pages\/10626\/revisions"}],"predecessor-version":[{"id":10952,"href":"https:\/\/www.eurohotel-grafenhausen.de\/fr\/wp-json\/wp\/v2\/pages\/10626\/revisions\/10952"}],"wp:featuredmedia":[{"embeddable":true,"href":"https:\/\/www.eurohotel-grafenhausen.de\/fr\/wp-json\/wp\/v2\/media\/10483"}],"wp:attachment":[{"href":"https:\/\/www.eurohotel-grafenhausen.de\/fr\/wp-json\/wp\/v2\/media?parent=10626"}],"curies":[{"name":"wp","href":"https:\/\/api.w.org\/{rel}","templated":true}]}}